{"id":2688,"date":"2026-02-16T09:02:33","date_gmt":"2026-02-16T09:02:33","guid":{"rendered":"https:\/\/drumulrazboiului.md\/features\/"},"modified":"2026-03-04T21:45:59","modified_gmt":"2026-03-04T21:45:59","slug":"features","status":"publish","type":"page","link":"https:\/\/drumulrazboiului.md\/en\/features\/","title":{"rendered":"Features"},"content":{"rendered":"\t\t<div data-elementor-type=\"wp-page\" data-elementor-id=\"2688\" class=\"elementor elementor-2688 elementor-1556\">\n\t\t\t\t<div class=\"elementor-element elementor-element-53d2325 e-flex e-con-boxed e-con e-parent\" data-id=\"53d2325\" data-element_type=\"container\" data-e-type=\"container\">\n\t\t\t\t\t<div class=\"e-con-inner\">\n\t\t\t\t<div class=\"elementor-element elementor-element-9849788 elementor-widget elementor-widget-shortcode\" data-id=\"9849788\" data-element_type=\"widget\" data-e-type=\"widget\" data-widget_type=\"shortcode.default\">\n\t\t\t\t\t\t\t<div class=\"elementor-shortcode\">\t<section class=\"services-one reportaje-grid\">\r\n\t\t<div class=\"container\">\r\n\t\t\t\t\t\t<div class=\"row\">\r\n\t\t\t\t\t\t\t\t\t<div class=\"col-12 col-md-6\">\r\n\t\t\t\t\t\t<div class=\"services-one__single wow fadeInUp\" data-wow-delay=\"0ms\">\r\n\t<div class=\"services-one__img-box\" style=\"position:relative;height:0;padding-top:66.66%;overflow:hidden\">\r\n\t\t<div class=\"services-one__img\" style=\"position:absolute;top:0;left:0;width:100%;height:100%\">\r\n\t\t\t\t\t\t\t<img decoding=\"async\" width=\"640\" height=\"409\" data-src=\"https:\/\/drumulrazboiului.md\/wp-content\/uploads\/2026\/02\/2026-02-21-17.52.27-e1771689226381-1024x654.jpg\" class=\"attachment-large size-large wp-post-image lazyload\" alt=\"\" style=\"--smush-placeholder-width: 640px; --smush-placeholder-aspect-ratio: 640\/409;width:100%;height:100%;object-fit:cover\" src=\"data:image\/svg+xml;base64,PHN2ZyB3aWR0aD0iMSIgaGVpZ2h0PSIxIiB4bWxucz0iaHR0cDovL3d3dy53My5vcmcvMjAwMC9zdmciPjwvc3ZnPg==\" \/>\t\t\t\t\t<\/div>\r\n\t<\/div>\r\n\t<div class=\"services-one__content\">\r\n\t\t<div class=\"services-one__icon\">\r\n\t\t\t<span class=\"icon-megaphone\"><\/span>\r\n\t\t<\/div>\r\n\t\t<h3 class=\"services-one__title\">\r\n\t\t\t<a href=\"https:\/\/drumulrazboiului.md\/en\/reportage\/copiii-razboiului\/\">Children of War<\/a>\r\n\t\t<\/h3>\r\n\t<\/div>\r\n\t<div class=\"services-one__hover-content\">\r\n\t\t<h3 class=\"services-one__hover-title\">\r\n\t\t\t<a href=\"https:\/\/drumulrazboiului.md\/en\/reportage\/copiii-razboiului\/\">Children of War<\/a>\r\n\t\t<\/h3>\r\n\t\t<p class=\"services-one__hover-text\">\r\n\t\t\tThe report \u201cChildren of War\u201d. Love that conquers war by Alina B\u0103d\u0103lan SA\u015eA, 5 YEARS OLD, REFUGEE IN COCIERI (DUB\u0102SARI, MOLDOVA) FROM PERVOMAISK (UKRAINE), three weeks after the start of the war: &#8220;It was announced on the news that the sound of the siren means that a Russian missile is flying toward us , to [&hellip;]\t\t<\/p>\r\n\t\t<div class=\"services-one__hover-arrow\">\r\n\t\t\t<a href=\"https:\/\/drumulrazboiului.md\/en\/reportage\/copiii-razboiului\/\"><span class=\"icon-right-arrow\"><\/span><\/a>\r\n\t\t<\/div>\r\n\t<\/div>\r\n<\/div>\r\n\t\t\t\t\t<\/div>\r\n\t\t\t\t\t\t\t\t\t<div class=\"col-12 col-md-6\">\r\n\t\t\t\t\t\t<div class=\"services-one__single wow fadeInUp\" data-wow-delay=\"0ms\">\r\n\t<div class=\"services-one__img-box\" style=\"position:relative;height:0;padding-top:66.66%;overflow:hidden\">\r\n\t\t<div class=\"services-one__img\" style=\"position:absolute;top:0;left:0;width:100%;height:100%\">\r\n\t\t\t\t\t\t\t<img decoding=\"async\" width=\"640\" height=\"423\" data-src=\"https:\/\/drumulrazboiului.md\/wp-content\/uploads\/2026\/02\/2026-02-21-19.03.39-e1771693493597-1024x676.jpg\" class=\"attachment-large size-large wp-post-image lazyload\" alt=\"\" style=\"--smush-placeholder-width: 640px; --smush-placeholder-aspect-ratio: 640\/423;width:100%;height:100%;object-fit:cover\" src=\"data:image\/svg+xml;base64,PHN2ZyB3aWR0aD0iMSIgaGVpZ2h0PSIxIiB4bWxucz0iaHR0cDovL3d3dy53My5vcmcvMjAwMC9zdmciPjwvc3ZnPg==\" \/>\t\t\t\t\t<\/div>\r\n\t<\/div>\r\n\t<div class=\"services-one__content\">\r\n\t\t<div class=\"services-one__icon\">\r\n\t\t\t<span class=\"icon-megaphone\"><\/span>\r\n\t\t<\/div>\r\n\t\t<h3 class=\"services-one__title\">\r\n\t\t\t<a href=\"https:\/\/drumulrazboiului.md\/en\/reportage\/ukraine-resists\/\">Ukraine Resists<\/a>\r\n\t\t<\/h3>\r\n\t<\/div>\r\n\t<div class=\"services-one__hover-content\">\r\n\t\t<h3 class=\"services-one__hover-title\">\r\n\t\t\t<a href=\"https:\/\/drumulrazboiului.md\/en\/reportage\/ukraine-resists\/\">Ukraine Resists<\/a>\r\n\t\t<\/h3>\r\n\t\t<p class=\"services-one__hover-text\">\r\n\t\t\tThe report &#8216;Ukraine Resists&#8217;. Viewer discretion advised. by Alina B\u0103d\u0103lan Decomposed human bodies, stuck on the road. Charred bodies, thrown by the blast from the wreckage that once was a car. People burneded, frozen in the position in which they were hit by the weapons of the enemy, exactly when they were trying to flee [&hellip;]\t\t<\/p>\r\n\t\t<div class=\"services-one__hover-arrow\">\r\n\t\t\t<a href=\"https:\/\/drumulrazboiului.md\/en\/reportage\/ukraine-resists\/\"><span class=\"icon-right-arrow\"><\/span><\/a>\r\n\t\t<\/div>\r\n\t<\/div>\r\n<\/div>\r\n\t\t\t\t\t<\/div>\r\n\t\t\t\t\t\t\t\t\t<div class=\"col-12 col-md-6\">\r\n\t\t\t\t\t\t<div class=\"services-one__single wow fadeInUp\" data-wow-delay=\"0ms\">\r\n\t<div class=\"services-one__img-box\" style=\"position:relative;height:0;padding-top:66.66%;overflow:hidden\">\r\n\t\t<div class=\"services-one__img\" style=\"position:absolute;top:0;left:0;width:100%;height:100%\">\r\n\t\t\t\t\t\t\t<img decoding=\"async\" width=\"640\" height=\"413\" data-src=\"https:\/\/drumulrazboiului.md\/wp-content\/uploads\/2026\/02\/2026-02-21-19.03.43-e1771693558363-1024x660.jpg\" class=\"attachment-large size-large wp-post-image lazyload\" alt=\"\" style=\"--smush-placeholder-width: 640px; --smush-placeholder-aspect-ratio: 640\/413;width:100%;height:100%;object-fit:cover\" src=\"data:image\/svg+xml;base64,PHN2ZyB3aWR0aD0iMSIgaGVpZ2h0PSIxIiB4bWxucz0iaHR0cDovL3d3dy53My5vcmcvMjAwMC9zdmciPjwvc3ZnPg==\" \/>\t\t\t\t\t<\/div>\r\n\t<\/div>\r\n\t<div class=\"services-one__content\">\r\n\t\t<div class=\"services-one__icon\">\r\n\t\t\t<span class=\"icon-megaphone\"><\/span>\r\n\t\t<\/div>\r\n\t\t<h3 class=\"services-one__title\">\r\n\t\t\t<a href=\"https:\/\/drumulrazboiului.md\/en\/reportage\/a-second-at-home\/\">A Second at Home<\/a>\r\n\t\t<\/h3>\r\n\t<\/div>\r\n\t<div class=\"services-one__hover-content\">\r\n\t\t<h3 class=\"services-one__hover-title\">\r\n\t\t\t<a href=\"https:\/\/drumulrazboiului.md\/en\/reportage\/a-second-at-home\/\">A Second at Home<\/a>\r\n\t\t<\/h3>\r\n\t\t<p class=\"services-one__hover-text\">\r\n\t\t\tSerhiy, the soldier who forgot what life looks like. In the report &#8220;A Second at Home, as Long as the Eternity of War&#8221; By Alina B\u0103d\u0103lan AFTER 6 MONTHS IN HELL, SERHIY RETURNED HOME. A poor household, but for him it&#8217;s a palace. His wife is there, his children are there. The report by journalists [&hellip;]\t\t<\/p>\r\n\t\t<div class=\"services-one__hover-arrow\">\r\n\t\t\t<a href=\"https:\/\/drumulrazboiului.md\/en\/reportage\/a-second-at-home\/\"><span class=\"icon-right-arrow\"><\/span><\/a>\r\n\t\t<\/div>\r\n\t<\/div>\r\n<\/div>\r\n\t\t\t\t\t<\/div>\r\n\t\t\t\t\t\t\t\t\t<div class=\"col-12 col-md-6\">\r\n\t\t\t\t\t\t<div class=\"services-one__single wow fadeInUp\" data-wow-delay=\"0ms\">\r\n\t<div class=\"services-one__img-box\" style=\"position:relative;height:0;padding-top:66.66%;overflow:hidden\">\r\n\t\t<div class=\"services-one__img\" style=\"position:absolute;top:0;left:0;width:100%;height:100%\">\r\n\t\t\t\t\t\t\t<img decoding=\"async\" width=\"640\" height=\"489\" data-src=\"https:\/\/drumulrazboiului.md\/wp-content\/uploads\/2026\/02\/cdd16d9e-9c1f-4158-836d-563f4e66c209-e1771782305808.jpeg\" class=\"attachment-large size-large wp-post-image lazyload\" alt=\"\" style=\"--smush-placeholder-width: 640px; --smush-placeholder-aspect-ratio: 640\/489;width:100%;height:100%;object-fit:cover\" data-srcset=\"https:\/\/drumulrazboiului.md\/wp-content\/uploads\/2026\/02\/cdd16d9e-9c1f-4158-836d-563f4e66c209-e1771782305808.jpeg 960w, https:\/\/drumulrazboiului.md\/wp-content\/uploads\/2026\/02\/cdd16d9e-9c1f-4158-836d-563f4e66c209-e1771782305808-300x229.jpeg 300w, https:\/\/drumulrazboiului.md\/wp-content\/uploads\/2026\/02\/cdd16d9e-9c1f-4158-836d-563f4e66c209-e1771782305808-768x586.jpeg 768w\" data-sizes=\"(max-width: 640px) 100vw, 640px\" src=\"data:image\/svg+xml;base64,PHN2ZyB3aWR0aD0iMSIgaGVpZ2h0PSIxIiB4bWxucz0iaHR0cDovL3d3dy53My5vcmcvMjAwMC9zdmciPjwvc3ZnPg==\" \/>\t\t\t\t\t<\/div>\r\n\t<\/div>\r\n\t<div class=\"services-one__content\">\r\n\t\t<div class=\"services-one__icon\">\r\n\t\t\t<span class=\"icon-megaphone\"><\/span>\r\n\t\t<\/div>\r\n\t\t<h3 class=\"services-one__title\">\r\n\t\t\t<a href=\"https:\/\/drumulrazboiului.md\/en\/reportage\/the-prisoners-of-the-mind\/\">THE PRISONERS OF THE MIND<\/a>\r\n\t\t<\/h3>\r\n\t<\/div>\r\n\t<div class=\"services-one__hover-content\">\r\n\t\t<h3 class=\"services-one__hover-title\">\r\n\t\t\t<a href=\"https:\/\/drumulrazboiului.md\/en\/reportage\/the-prisoners-of-the-mind\/\">THE PRISONERS OF THE MIND<\/a>\r\n\t\t<\/h3>\r\n\t\t<p class=\"services-one__hover-text\">\r\n\t\t\t\t\t<\/p>\r\n\t\t<div class=\"services-one__hover-arrow\">\r\n\t\t\t<a href=\"https:\/\/drumulrazboiului.md\/en\/reportage\/the-prisoners-of-the-mind\/\"><span class=\"icon-right-arrow\"><\/span><\/a>\r\n\t\t<\/div>\r\n\t<\/div>\r\n<\/div>\r\n\t\t\t\t\t<\/div>\r\n\t\t\t\t\t\t\t\t\t<div class=\"col-12 col-md-6\">\r\n\t\t\t\t\t\t<div class=\"services-one__single wow fadeInUp\" data-wow-delay=\"0ms\">\r\n\t<div class=\"services-one__img-box\" style=\"position:relative;height:0;padding-top:66.66%;overflow:hidden\">\r\n\t\t<div class=\"services-one__img\" style=\"position:absolute;top:0;left:0;width:100%;height:100%\">\r\n\t\t\t\t\t\t\t<img decoding=\"async\" width=\"640\" height=\"403\" data-src=\"https:\/\/drumulrazboiului.md\/wp-content\/uploads\/2026\/02\/photo_2026-02-21-20.16.01-e1771880045493-1024x644.jpeg\" class=\"attachment-large size-large wp-post-image lazyload\" alt=\"\" style=\"--smush-placeholder-width: 640px; --smush-placeholder-aspect-ratio: 640\/403;width:100%;height:100%;object-fit:cover\" data-srcset=\"https:\/\/drumulrazboiului.md\/wp-content\/uploads\/2026\/02\/photo_2026-02-21-20.16.01-e1771880045493-1024x644.jpeg 1024w, https:\/\/drumulrazboiului.md\/wp-content\/uploads\/2026\/02\/photo_2026-02-21-20.16.01-e1771880045493-300x189.jpeg 300w, https:\/\/drumulrazboiului.md\/wp-content\/uploads\/2026\/02\/photo_2026-02-21-20.16.01-e1771880045493-768x483.jpeg 768w, https:\/\/drumulrazboiului.md\/wp-content\/uploads\/2026\/02\/photo_2026-02-21-20.16.01-e1771880045493.jpeg 1070w\" data-sizes=\"(max-width: 640px) 100vw, 640px\" src=\"data:image\/svg+xml;base64,PHN2ZyB3aWR0aD0iMSIgaGVpZ2h0PSIxIiB4bWxucz0iaHR0cDovL3d3dy53My5vcmcvMjAwMC9zdmciPjwvc3ZnPg==\" \/>\t\t\t\t\t<\/div>\r\n\t<\/div>\r\n\t<div class=\"services-one__content\">\r\n\t\t<div class=\"services-one__icon\">\r\n\t\t\t<span class=\"icon-megaphone\"><\/span>\r\n\t\t<\/div>\r\n\t\t<h3 class=\"services-one__title\">\r\n\t\t\t<a href=\"https:\/\/drumulrazboiului.md\/en\/reportage\/the-story-of-a-young-woman\/\">The story of a young woman<\/a>\r\n\t\t<\/h3>\r\n\t<\/div>\r\n\t<div class=\"services-one__hover-content\">\r\n\t\t<h3 class=\"services-one__hover-title\">\r\n\t\t\t<a href=\"https:\/\/drumulrazboiului.md\/en\/reportage\/the-story-of-a-young-woman\/\">The story of a young woman<\/a>\r\n\t\t<\/h3>\r\n\t\t<p class=\"services-one__hover-text\">\r\n\t\t\tThe story of a young woman who left home, from Russia, to fight in defense of Ukraine\/\u0427\u0430\u0439\u043a\u0430 \u0437\u0430 \u0423\u043a\u0440\u0430\u0438\u043d\u0443!!\t\t<\/p>\r\n\t\t<div class=\"services-one__hover-arrow\">\r\n\t\t\t<a href=\"https:\/\/drumulrazboiului.md\/en\/reportage\/the-story-of-a-young-woman\/\"><span class=\"icon-right-arrow\"><\/span><\/a>\r\n\t\t<\/div>\r\n\t<\/div>\r\n<\/div>\r\n\t\t\t\t\t<\/div>\r\n\t\t\t\t\t\t\t\t\t<div class=\"col-12 col-md-6\">\r\n\t\t\t\t\t\t<div class=\"services-one__single wow fadeInUp\" data-wow-delay=\"0ms\">\r\n\t<div class=\"services-one__img-box\" style=\"position:relative;height:0;padding-top:66.66%;overflow:hidden\">\r\n\t\t<div class=\"services-one__img\" style=\"position:absolute;top:0;left:0;width:100%;height:100%\">\r\n\t\t\t\t\t\t\t<img decoding=\"async\" width=\"640\" height=\"398\" data-src=\"https:\/\/drumulrazboiului.md\/wp-content\/uploads\/2026\/02\/photo_2026-02-22-20.00.24-e1771880370521-1024x637.jpeg\" class=\"attachment-large size-large wp-post-image lazyload\" alt=\"\" style=\"--smush-placeholder-width: 640px; --smush-placeholder-aspect-ratio: 640\/398;width:100%;height:100%;object-fit:cover\" data-srcset=\"https:\/\/drumulrazboiului.md\/wp-content\/uploads\/2026\/02\/photo_2026-02-22-20.00.24-e1771880370521-1024x637.jpeg 1024w, https:\/\/drumulrazboiului.md\/wp-content\/uploads\/2026\/02\/photo_2026-02-22-20.00.24-e1771880370521-300x187.jpeg 300w, https:\/\/drumulrazboiului.md\/wp-content\/uploads\/2026\/02\/photo_2026-02-22-20.00.24-e1771880370521-768x478.jpeg 768w, https:\/\/drumulrazboiului.md\/wp-content\/uploads\/2026\/02\/photo_2026-02-22-20.00.24-e1771880370521.jpeg 1154w\" data-sizes=\"(max-width: 640px) 100vw, 640px\" src=\"data:image\/svg+xml;base64,PHN2ZyB3aWR0aD0iMSIgaGVpZ2h0PSIxIiB4bWxucz0iaHR0cDovL3d3dy53My5vcmcvMjAwMC9zdmciPjwvc3ZnPg==\" \/>\t\t\t\t\t<\/div>\r\n\t<\/div>\r\n\t<div class=\"services-one__content\">\r\n\t\t<div class=\"services-one__icon\">\r\n\t\t\t<span class=\"icon-megaphone\"><\/span>\r\n\t\t<\/div>\r\n\t\t<h3 class=\"services-one__title\">\r\n\t\t\t<a href=\"https:\/\/drumulrazboiului.md\/en\/reportage\/bloodstained-passports\/\">Bloodstained Passports<\/a>\r\n\t\t<\/h3>\r\n\t<\/div>\r\n\t<div class=\"services-one__hover-content\">\r\n\t\t<h3 class=\"services-one__hover-title\">\r\n\t\t\t<a href=\"https:\/\/drumulrazboiului.md\/en\/reportage\/bloodstained-passports\/\">Bloodstained Passports<\/a>\r\n\t\t<\/h3>\r\n\t\t<p class=\"services-one__hover-text\">\r\n\t\t\t\t\t<\/p>\r\n\t\t<div class=\"services-one__hover-arrow\">\r\n\t\t\t<a href=\"https:\/\/drumulrazboiului.md\/en\/reportage\/bloodstained-passports\/\"><span class=\"icon-right-arrow\"><\/span><\/a>\r\n\t\t<\/div>\r\n\t<\/div>\r\n<\/div>\r\n\t\t\t\t\t<\/div>\r\n\t\t\t\t\t\t\t\t\t<div class=\"col-12 col-md-6\">\r\n\t\t\t\t\t\t<div class=\"services-one__single wow fadeInUp\" data-wow-delay=\"0ms\">\r\n\t<div class=\"services-one__img-box\" style=\"position:relative;height:0;padding-top:66.66%;overflow:hidden\">\r\n\t\t<div class=\"services-one__img\" style=\"position:absolute;top:0;left:0;width:100%;height:100%\">\r\n\t\t\t\t\t\t\t<img decoding=\"async\" width=\"640\" height=\"480\" data-src=\"https:\/\/drumulrazboiului.md\/wp-content\/uploads\/2026\/02\/photo_2026-02-22-21.19.17-1024x768.jpeg\" class=\"attachment-large size-large wp-post-image lazyload\" alt=\"\" style=\"--smush-placeholder-width: 640px; --smush-placeholder-aspect-ratio: 640\/480;width:100%;height:100%;object-fit:cover\" data-srcset=\"https:\/\/drumulrazboiului.md\/wp-content\/uploads\/2026\/02\/photo_2026-02-22-21.19.17-1024x768.jpeg 1024w, https:\/\/drumulrazboiului.md\/wp-content\/uploads\/2026\/02\/photo_2026-02-22-21.19.17-300x225.jpeg 300w, https:\/\/drumulrazboiului.md\/wp-content\/uploads\/2026\/02\/photo_2026-02-22-21.19.17-768x576.jpeg 768w, https:\/\/drumulrazboiului.md\/wp-content\/uploads\/2026\/02\/photo_2026-02-22-21.19.17.jpeg 1280w\" data-sizes=\"(max-width: 640px) 100vw, 640px\" src=\"data:image\/svg+xml;base64,PHN2ZyB3aWR0aD0iMSIgaGVpZ2h0PSIxIiB4bWxucz0iaHR0cDovL3d3dy53My5vcmcvMjAwMC9zdmciPjwvc3ZnPg==\" \/>\t\t\t\t\t<\/div>\r\n\t<\/div>\r\n\t<div class=\"services-one__content\">\r\n\t\t<div class=\"services-one__icon\">\r\n\t\t\t<span class=\"icon-megaphone\"><\/span>\r\n\t\t<\/div>\r\n\t\t<h3 class=\"services-one__title\">\r\n\t\t\t<a href=\"https:\/\/drumulrazboiului.md\/en\/reportage\/the-caucasian-legion-in-ukraine\/\">The Caucasian Legion in Ukraine<\/a>\r\n\t\t<\/h3>\r\n\t<\/div>\r\n\t<div class=\"services-one__hover-content\">\r\n\t\t<h3 class=\"services-one__hover-title\">\r\n\t\t\t<a href=\"https:\/\/drumulrazboiului.md\/en\/reportage\/the-caucasian-legion-in-ukraine\/\">The Caucasian Legion in Ukraine<\/a>\r\n\t\t<\/h3>\r\n\t\t<p class=\"services-one__hover-text\">\r\n\t\t\t\t\t<\/p>\r\n\t\t<div class=\"services-one__hover-arrow\">\r\n\t\t\t<a href=\"https:\/\/drumulrazboiului.md\/en\/reportage\/the-caucasian-legion-in-ukraine\/\"><span class=\"icon-right-arrow\"><\/span><\/a>\r\n\t\t<\/div>\r\n\t<\/div>\r\n<\/div>\r\n\t\t\t\t\t<\/div>\r\n\t\t\t\t\t\t\t\t\t<div class=\"col-12 col-md-6\">\r\n\t\t\t\t\t\t<div class=\"services-one__single wow fadeInUp\" data-wow-delay=\"0ms\">\r\n\t<div class=\"services-one__img-box\" style=\"position:relative;height:0;padding-top:66.66%;overflow:hidden\">\r\n\t\t<div class=\"services-one__img\" style=\"position:absolute;top:0;left:0;width:100%;height:100%\">\r\n\t\t\t\t\t\t\t<img decoding=\"async\" width=\"640\" height=\"439\" data-src=\"https:\/\/drumulrazboiului.md\/wp-content\/uploads\/2026\/02\/photo_2026-02-22-21.30.35-e1771788728684-1024x703.jpeg\" class=\"attachment-large size-large wp-post-image lazyload\" alt=\"\" style=\"--smush-placeholder-width: 640px; --smush-placeholder-aspect-ratio: 640\/439;width:100%;height:100%;object-fit:cover\" src=\"data:image\/svg+xml;base64,PHN2ZyB3aWR0aD0iMSIgaGVpZ2h0PSIxIiB4bWxucz0iaHR0cDovL3d3dy53My5vcmcvMjAwMC9zdmciPjwvc3ZnPg==\" \/>\t\t\t\t\t<\/div>\r\n\t<\/div>\r\n\t<div class=\"services-one__content\">\r\n\t\t<div class=\"services-one__icon\">\r\n\t\t\t<span class=\"icon-megaphone\"><\/span>\r\n\t\t<\/div>\r\n\t\t<h3 class=\"services-one__title\">\r\n\t\t\t<a href=\"https:\/\/drumulrazboiului.md\/en\/reportage\/the-generators-of-freedom\/\">The Generators of Freedom<\/a>\r\n\t\t<\/h3>\r\n\t<\/div>\r\n\t<div class=\"services-one__hover-content\">\r\n\t\t<h3 class=\"services-one__hover-title\">\r\n\t\t\t<a href=\"https:\/\/drumulrazboiului.md\/en\/reportage\/the-generators-of-freedom\/\">The Generators of Freedom<\/a>\r\n\t\t<\/h3>\r\n\t\t<p class=\"services-one__hover-text\">\r\n\t\t\t\t\t<\/p>\r\n\t\t<div class=\"services-one__hover-arrow\">\r\n\t\t\t<a href=\"https:\/\/drumulrazboiului.md\/en\/reportage\/the-generators-of-freedom\/\"><span class=\"icon-right-arrow\"><\/span><\/a>\r\n\t\t<\/div>\r\n\t<\/div>\r\n<\/div>\r\n\t\t\t\t\t<\/div>\r\n\t\t\t\t\t\t\t\t\t<div class=\"col-12 col-md-6\">\r\n\t\t\t\t\t\t<div class=\"services-one__single wow fadeInUp\" data-wow-delay=\"0ms\">\r\n\t<div class=\"services-one__img-box\" style=\"position:relative;height:0;padding-top:66.66%;overflow:hidden\">\r\n\t\t<div class=\"services-one__img\" style=\"position:absolute;top:0;left:0;width:100%;height:100%\">\r\n\t\t\t\t\t\t\t<img decoding=\"async\" width=\"640\" height=\"408\" data-src=\"https:\/\/drumulrazboiului.md\/wp-content\/uploads\/2026\/02\/photo_2026-02-23-21.32.12-e1771875218383-1024x652.jpeg\" class=\"attachment-large size-large wp-post-image lazyload\" alt=\"\" style=\"--smush-placeholder-width: 640px; --smush-placeholder-aspect-ratio: 640\/408;width:100%;height:100%;object-fit:cover\" src=\"data:image\/svg+xml;base64,PHN2ZyB3aWR0aD0iMSIgaGVpZ2h0PSIxIiB4bWxucz0iaHR0cDovL3d3dy53My5vcmcvMjAwMC9zdmciPjwvc3ZnPg==\" \/>\t\t\t\t\t<\/div>\r\n\t<\/div>\r\n\t<div class=\"services-one__content\">\r\n\t\t<div class=\"services-one__icon\">\r\n\t\t\t<span class=\"icon-megaphone\"><\/span>\r\n\t\t<\/div>\r\n\t\t<h3 class=\"services-one__title\">\r\n\t\t\t<a href=\"https:\/\/drumulrazboiului.md\/en\/reportage\/crimes-of-the-elder-brother\/\">Crimes of the Elder Brother<\/a>\r\n\t\t<\/h3>\r\n\t<\/div>\r\n\t<div class=\"services-one__hover-content\">\r\n\t\t<h3 class=\"services-one__hover-title\">\r\n\t\t\t<a href=\"https:\/\/drumulrazboiului.md\/en\/reportage\/crimes-of-the-elder-brother\/\">Crimes of the Elder Brother<\/a>\r\n\t\t<\/h3>\r\n\t\t<p class=\"services-one__hover-text\">\r\n\t\t\t\t\t<\/p>\r\n\t\t<div class=\"services-one__hover-arrow\">\r\n\t\t\t<a href=\"https:\/\/drumulrazboiului.md\/en\/reportage\/crimes-of-the-elder-brother\/\"><span class=\"icon-right-arrow\"><\/span><\/a>\r\n\t\t<\/div>\r\n\t<\/div>\r\n<\/div>\r\n\t\t\t\t\t<\/div>\r\n\t\t\t\t\t\t\t\t\t<div class=\"col-12 col-md-6\">\r\n\t\t\t\t\t\t<div class=\"services-one__single wow fadeInUp\" data-wow-delay=\"0ms\">\r\n\t<div class=\"services-one__img-box\" style=\"position:relative;height:0;padding-top:66.66%;overflow:hidden\">\r\n\t\t<div class=\"services-one__img\" style=\"position:absolute;top:0;left:0;width:100%;height:100%\">\r\n\t\t\t\t\t\t\t<img decoding=\"async\" width=\"640\" height=\"456\" data-src=\"https:\/\/drumulrazboiului.md\/wp-content\/uploads\/2026\/02\/photo_2026-02-23-12.15.28-e1771880229775-1024x730.jpeg\" class=\"attachment-large size-large wp-post-image lazyload\" alt=\"\" style=\"--smush-placeholder-width: 640px; --smush-placeholder-aspect-ratio: 640\/456;width:100%;height:100%;object-fit:cover\" data-srcset=\"https:\/\/drumulrazboiului.md\/wp-content\/uploads\/2026\/02\/photo_2026-02-23-12.15.28-e1771880229775-1024x730.jpeg 1024w, https:\/\/drumulrazboiului.md\/wp-content\/uploads\/2026\/02\/photo_2026-02-23-12.15.28-e1771880229775-300x214.jpeg 300w, https:\/\/drumulrazboiului.md\/wp-content\/uploads\/2026\/02\/photo_2026-02-23-12.15.28-e1771880229775-768x548.jpeg 768w, https:\/\/drumulrazboiului.md\/wp-content\/uploads\/2026\/02\/photo_2026-02-23-12.15.28-e1771880229775.jpeg 1150w\" data-sizes=\"(max-width: 640px) 100vw, 640px\" src=\"data:image\/svg+xml;base64,PHN2ZyB3aWR0aD0iMSIgaGVpZ2h0PSIxIiB4bWxucz0iaHR0cDovL3d3dy53My5vcmcvMjAwMC9zdmciPjwvc3ZnPg==\" \/>\t\t\t\t\t<\/div>\r\n\t<\/div>\r\n\t<div class=\"services-one__content\">\r\n\t\t<div class=\"services-one__icon\">\r\n\t\t\t<span class=\"icon-megaphone\"><\/span>\r\n\t\t<\/div>\r\n\t\t<h3 class=\"services-one__title\">\r\n\t\t\t<a href=\"https:\/\/drumulrazboiului.md\/en\/reportage\/life-on-the-front-line\/\">Life on the front line<\/a>\r\n\t\t<\/h3>\r\n\t<\/div>\r\n\t<div class=\"services-one__hover-content\">\r\n\t\t<h3 class=\"services-one__hover-title\">\r\n\t\t\t<a href=\"https:\/\/drumulrazboiului.md\/en\/reportage\/life-on-the-front-line\/\">Life on the front line<\/a>\r\n\t\t<\/h3>\r\n\t\t<p class=\"services-one__hover-text\">\r\n\t\t\tJust a few kilometres from the front line in the Donetsk region, bursts of machine-gun fire can be heard clearly. In this report, see how soldiers live in the hotspots, what they think about being labelled by the aggressor as &quot;Banderites&quot;, &quot;Nazis&quot; and &quot;fascists&quot;, and what message they have for the Gagauz who are waiting for Moldova to unite with Russia.\t\t<\/p>\r\n\t\t<div class=\"services-one__hover-arrow\">\r\n\t\t\t<a href=\"https:\/\/drumulrazboiului.md\/en\/reportage\/life-on-the-front-line\/\"><span class=\"icon-right-arrow\"><\/span><\/a>\r\n\t\t<\/div>\r\n\t<\/div>\r\n<\/div>\r\n\t\t\t\t\t<\/div>\r\n\t\t\t\t\t\t\t<\/div>\r\n\r\n\t\t\t\t\t<\/div>\r\n\t<\/section>\r\n\t<\/div>\n\t\t\t\t\t\t<\/div>\n\t\t\t\t\t<\/div>\n\t\t\t\t<\/div>\n\t\t\t\t<\/div>\n\t\t","protected":false},"excerpt":{"rendered":"","protected":false},"author":1,"featured_media":0,"parent":0,"menu_order":0,"comment_status":"closed","ping_status":"closed","template":"elementor_header_footer","meta":{"footnotes":""},"class_list":["post-2688","page","type-page","status-publish","hentry"],"_links":{"self":[{"href":"https:\/\/drumulrazboiului.md\/en\/wp-json\/wp\/v2\/pages\/2688","targetHints":{"allow":["GET"]}}],"collection":[{"href":"https:\/\/drumulrazboiului.md\/en\/wp-json\/wp\/v2\/pages"}],"about":[{"href":"https:\/\/drumulrazboiului.md\/en\/wp-json\/wp\/v2\/types\/page"}],"author":[{"embeddable":true,"href":"https:\/\/drumulrazboiului.md\/en\/wp-json\/wp\/v2\/users\/1"}],"replies":[{"embeddable":true,"href":"https:\/\/drumulrazboiului.md\/en\/wp-json\/wp\/v2\/comments?post=2688"}],"version-history":[{"count":1,"href":"https:\/\/drumulrazboiului.md\/en\/wp-json\/wp\/v2\/pages\/2688\/revisions"}],"predecessor-version":[{"id":2700,"href":"https:\/\/drumulrazboiului.md\/en\/wp-json\/wp\/v2\/pages\/2688\/revisions\/2700"}],"wp:attachment":[{"href":"https:\/\/drumulrazboiului.md\/en\/wp-json\/wp\/v2\/media?parent=2688"}],"curies":[{"name":"wp","href":"https:\/\/api.w.org\/{rel}","templated":true}]}}